
{"id":12,"date":"2024-01-23T14:57:50","date_gmt":"2024-01-23T14:57:50","guid":{"rendered":"https:\/\/www.evomedvc.com\/?page_id=12"},"modified":"2024-05-26T16:36:58","modified_gmt":"2024-05-26T16:36:58","slug":"quienes-somos","status":"publish","type":"page","link":"https:\/\/www.evomedvc.com\/en\/quienes-somos\/","title":{"rendered":"About us"},"content":{"rendered":"<p>[et_pb_section fb_built=\u00bb1&#8243; admin_label=\u00bbHeader\u00bb _builder_version=\u00bb4.18.0&#8243; _module_preset=\u00bbdefault\u00bb background_color=\u00bb#5062DC\u00bb overflow-x=\u00bbhidden\u00bb overflow-y=\u00bbhidden\u00bb custom_padding=\u00bb0px||0px||true|false\u00bb locked=\u00bboff\u00bb collapsed=\u00bbon\u00bb global_colors_info=\u00bb{}\u00bb][et_pb_row column_structure=\u00bb1_2,1_2&#8243; make_equal=\u00bbon\u00bb _builder_version=\u00bb4.18.0&#8243; _module_preset=\u00bbdefault\u00bb custom_padding=\u00bb0px||0px||true|false\u00bb global_colors_info=\u00bb{}\u00bb][et_pb_column type=\u00bb1_2&#8243; _builder_version=\u00bb4.18.0&#8243; _module_preset=\u00bbdefault\u00bb background_color=\u00bb#5062DC\u00bb z_index=\u00bb10&#8243; custom_padding=\u00bb6vw||60px||false|false\u00bb custom_padding_tablet=\u00bb||||false|false\u00bb custom_padding_phone=\u00bb||30px||false|false\u00bb custom_padding_last_edited=\u00bboff|desktop\u00bb global_colors_info=\u00bb{}\u00bb][et_pb_text _builder_version=\u00bb4.24.3&#8243; _module_preset=\u00bb_initial\u00bb header_font=\u00bbQuicksand|700|||||||\u00bb header_text_align=\u00bbleft\u00bb header_text_color=\u00bb#ffffff\u00bb header_font_size=\u00bb50px\u00bb header_line_height=\u00bb1.3em\u00bb header_2_font=\u00bbQuicksand|600|||||||\u00bb header_2_font_size=\u00bb40px\u00bb module_alignment=\u00bbcenter\u00bb custom_margin=\u00bb||-1px||false|false\u00bb custom_padding=\u00bb0px||||false|false\u00bb header_font_size_tablet=\u00bb\u00bb header_font_size_phone=\u00bb25px\u00bb header_font_size_last_edited=\u00bbon|tablet\u00bb header_2_font_size_tablet=\u00bb40px\u00bb header_2_font_size_phone=\u00bb25px\u00bb header_2_font_size_last_edited=\u00bbon|phone\u00bb locked=\u00bboff\u00bb global_colors_info=\u00bb{}\u00bb]<\/p>\n<h1>About Us<\/h1>\n<p>[\/et_pb_text][et_pb_text _builder_version=\u00bb4.25.1&#8243; _module_preset=\u00bb_initial\u00bb text_text_color=\u00bb#FFFFFF\u00bb text_font_size=\u00bb16px\u00bb header_font=\u00bbQuicksand|700|||||||\u00bb header_text_align=\u00bbleft\u00bb header_text_color=\u00bb#ffffff\u00bb header_font_size=\u00bb40px\u00bb header_line_height=\u00bb1.3em\u00bb header_2_font=\u00bbQuicksand|600|||||||\u00bb header_2_font_size=\u00bb40px\u00bb module_alignment=\u00bbcenter\u00bb custom_margin=\u00bb||||false|false\u00bb custom_padding=\u00bb0px||||false|false\u00bb hover_enabled=\u00bb0&#8243; header_font_size_tablet=\u00bb\u00bb header_font_size_phone=\u00bb25px\u00bb header_font_size_last_edited=\u00bbon|tablet\u00bb header_2_font_size_tablet=\u00bb40px\u00bb header_2_font_size_phone=\u00bb25px\u00bb header_2_font_size_last_edited=\u00bbon|phone\u00bb locked=\u00bboff\u00bb global_colors_info=\u00bb{}\u00bb sticky_enabled=\u00bb0&#8243; custom_margin_last_edited=\u00bbon|phone\u00bb custom_margin_tablet=\u00bb||-25px||false|false\u00bb custom_margin_phone=\u00bb||-40px||false|false\u00bb]<\/p>\n<p>Innovation and Commitment to Animal Health<\/p>\n<p>[\/et_pb_text][\/et_pb_column][et_pb_column type=\u00bb1_2&#8243; _builder_version=\u00bb4.18.0&#8243; _module_preset=\u00bbdefault\u00bb global_colors_info=\u00bb{}\u00bb][et_pb_image src=\u00bbhttps:\/\/www.evomedvc.com\/wp-content\/uploads\/2024\/02\/QUIENES-SOMOS-1-scaled.jpg\u00bb title_text=\u00bbVet with dog and cat. Puppy and kitten at doctor.\u00bb _builder_version=\u00bb4.24.2&#8243; _module_preset=\u00bbdefault\u00bb custom_margin=\u00bb|-12vw|||false|false\u00bb custom_margin_tablet=\u00bb|0vw|||false|false\u00bb custom_margin_phone=\u00bb|0vw|||false|false\u00bb custom_margin_last_edited=\u00bbon|tablet\u00bb locked=\u00bboff\u00bb global_colors_info=\u00bb{}\u00bb][\/et_pb_image][\/et_pb_column][\/et_pb_row][\/et_pb_section][et_pb_section fb_built=\u00bb1&#8243; _builder_version=\u00bb4.18.0&#8243; _module_preset=\u00bbdefault\u00bb custom_margin=\u00bb26px|||||\u00bb custom_padding=\u00bb25px||1px|||\u00bb locked=\u00bboff\u00bb global_colors_info=\u00bb{}\u00bb][et_pb_row column_structure=\u00bb1_5,3_5,1_5&#8243; _builder_version=\u00bb4.18.0&#8243; _module_preset=\u00bbdefault\u00bb global_colors_info=\u00bb{}\u00bb][et_pb_column type=\u00bb1_5&#8243; _builder_version=\u00bb4.18.0&#8243; _module_preset=\u00bbdefault\u00bb global_colors_info=\u00bb{}\u00bb][\/et_pb_column][et_pb_column type=\u00bb3_5&#8243; _builder_version=\u00bb4.18.0&#8243; _module_preset=\u00bbdefault\u00bb global_colors_info=\u00bb{}\u00bb][et_pb_text _builder_version=\u00bb4.23.4&#8243; _module_preset=\u00bb_initial\u00bb text_font_size=\u00bb15px\u00bb header_font=\u00bbQuicksand|700|||||||\u00bb header_text_align=\u00bbleft\u00bb header_text_color=\u00bb#ffffff\u00bb header_font_size=\u00bb40px\u00bb header_line_height=\u00bb1.3em\u00bb header_2_font=\u00bbQuicksand|600|||||||\u00bb header_2_font_size=\u00bb40px\u00bb text_orientation=\u00bbcenter\u00bb module_alignment=\u00bbcenter\u00bb custom_margin=\u00bb||||false|false\u00bb custom_padding=\u00bb0px||||false|false\u00bb header_font_size_tablet=\u00bb\u00bb header_font_size_phone=\u00bb25px\u00bb header_font_size_last_edited=\u00bbon|tablet\u00bb header_2_font_size_tablet=\u00bb40px\u00bb header_2_font_size_phone=\u00bb25px\u00bb header_2_font_size_last_edited=\u00bbon|phone\u00bb global_colors_info=\u00bb{}\u00bb]<\/p>\n<p>At the core of veterinary care, Evomed VetCare emerges as a response to a pressing need in a field where the demand for specialized solutions outweighs the available offerings.<\/p>\n<p>The Evomed Group, with over two decades of experience in developing, manufacturing, and marketing medical products internationally, positions itself through its new division, Evomed VetCare, as a pioneer in innovation, manufacturing, and distribution of veterinary devices.<\/p>\n<p>[\/et_pb_text][\/et_pb_column][et_pb_column type=\u00bb1_5&#8243; _builder_version=\u00bb4.18.0&#8243; _module_preset=\u00bbdefault\u00bb global_colors_info=\u00bb{}\u00bb][\/et_pb_column][\/et_pb_row][\/et_pb_section][et_pb_section fb_built=\u00bb1&#8243; admin_label=\u00bbService\u00bb _builder_version=\u00bb4.23.4&#8243; _module_preset=\u00bbdefault\u00bb custom_padding=\u00bb5px||1px||false|false\u00bb collapsed=\u00bbon\u00bb global_colors_info=\u00bb{}\u00bb][et_pb_row column_structure=\u00bb1_2,1_2&#8243; _builder_version=\u00bb4.22.1&#8243; _module_preset=\u00bbdefault\u00bb global_colors_info=\u00bb{}\u00bb][et_pb_column type=\u00bb1_2&#8243; _builder_version=\u00bb4.22.1&#8243; _module_preset=\u00bbdefault\u00bb global_colors_info=\u00bb{}\u00bb][et_pb_image src=\u00bbhttps:\/\/www.evomedvc.com\/wp-content\/uploads\/2024\/02\/QUIENES-SOMOS-2-scaled.jpg\u00bb title_text=\u00bbA group of surgeon interns is studying fetal development at different stages of pregnancy. Health education concept. Medical students in the classroom with images of ultrasound\u00bb _builder_version=\u00bb4.24.2&#8243; _module_preset=\u00bbdefault\u00bb border_radii=\u00bbon|20px|20px|20px|20px\u00bb global_colors_info=\u00bb{}\u00bb][\/et_pb_image][\/et_pb_column][et_pb_column type=\u00bb1_2&#8243; _builder_version=\u00bb4.22.1&#8243; _module_preset=\u00bbdefault\u00bb global_colors_info=\u00bb{}\u00bb][et_pb_text _builder_version=\u00bb4.23.4&#8243; _module_preset=\u00bb_initial\u00bb header_font=\u00bbQuicksand|700|||||||\u00bb header_text_align=\u00bbleft\u00bb header_text_color=\u00bb#ffffff\u00bb header_font_size=\u00bb40px\u00bb header_line_height=\u00bb1.3em\u00bb header_2_font=\u00bbQuicksand|600|||||||\u00bb header_2_font_size=\u00bb34px\u00bb header_2_line_height=\u00bb1.3em\u00bb module_alignment=\u00bbcenter\u00bb custom_margin=\u00bb||-1px||false|false\u00bb custom_padding=\u00bb0px||||false|false\u00bb header_font_size_tablet=\u00bb\u00bb header_font_size_phone=\u00bb25px\u00bb header_font_size_last_edited=\u00bbon|tablet\u00bb header_2_font_size_tablet=\u00bb40px\u00bb header_2_font_size_phone=\u00bb25px\u00bb header_2_font_size_last_edited=\u00bbon|phone\u00bb locked=\u00bboff\u00bb global_colors_info=\u00bb{}\u00bb]<\/p>\n<h2>Our History: Commitment to Animal Health<\/h2>\n<p>[\/et_pb_text][et_pb_text _builder_version=\u00bb4.24.3&#8243; _module_preset=\u00bb_initial\u00bb text_font_size=\u00bb15px\u00bb header_font=\u00bbQuicksand|700|||||||\u00bb header_text_align=\u00bbleft\u00bb header_text_color=\u00bb#ffffff\u00bb header_font_size=\u00bb40px\u00bb header_line_height=\u00bb1.3em\u00bb header_2_font=\u00bbQuicksand|600|||||||\u00bb header_2_font_size=\u00bb40px\u00bb text_orientation=\u00bbjustified\u00bb module_alignment=\u00bbcenter\u00bb custom_margin=\u00bb||||false|false\u00bb custom_padding=\u00bb0px||||false|false\u00bb header_font_size_tablet=\u00bb\u00bb header_font_size_phone=\u00bb25px\u00bb header_font_size_last_edited=\u00bbon|tablet\u00bb header_2_font_size_tablet=\u00bb40px\u00bb header_2_font_size_phone=\u00bb25px\u00bb header_2_font_size_last_edited=\u00bbon|phone\u00bb locked=\u00bboff\u00bb global_colors_info=\u00bb{}\u00bb]<\/p>\n<p>The story of Evomed VetCare is the story of a long-standing commitment to the health and well-being of companion animals. With more than 20 years of experience supported by the Evomed Group, we have witnessed the unmet needs in the veterinary field.<\/p>\n<p>It is in this scenario that we decided to take the initiative and create tailored solutions that make a difference. This heritage has allowed us to cultivate strong, long-lasting relationships with animal health professionals and drives us to continually raise the standards in veterinary care.<\/p>\n<p>[\/et_pb_text][\/et_pb_column][\/et_pb_row][et_pb_row column_structure=\u00bb1_2,1_2&#8243; _builder_version=\u00bb4.23.4&#8243; _module_preset=\u00bbdefault\u00bb global_colors_info=\u00bb{}\u00bb][et_pb_column type=\u00bb1_2&#8243; _builder_version=\u00bb4.22.1&#8243; _module_preset=\u00bbdefault\u00bb global_colors_info=\u00bb{}\u00bb][et_pb_text _builder_version=\u00bb4.23.4&#8243; _module_preset=\u00bb_initial\u00bb header_font=\u00bbQuicksand|700|||||||\u00bb header_text_align=\u00bbleft\u00bb header_text_color=\u00bb#ffffff\u00bb header_font_size=\u00bb40px\u00bb header_line_height=\u00bb1.3em\u00bb header_2_font=\u00bbQuicksand|600|||||||\u00bb header_2_font_size=\u00bb30px\u00bb header_2_line_height=\u00bb1.3em\u00bb module_alignment=\u00bbcenter\u00bb custom_margin=\u00bb||-1px||false|false\u00bb custom_padding=\u00bb0px||||false|false\u00bb header_font_size_tablet=\u00bb\u00bb header_font_size_phone=\u00bb25px\u00bb header_font_size_last_edited=\u00bbon|tablet\u00bb header_2_font_size_tablet=\u00bb40px\u00bb header_2_font_size_phone=\u00bb25px\u00bb header_2_font_size_last_edited=\u00bbon|phone\u00bb locked=\u00bboff\u00bb global_colors_info=\u00bb{}\u00bb]<\/p>\n<h2>Our Mission: Veterinary Solutions<\/h2>\n<p>[\/et_pb_text][et_pb_text _builder_version=\u00bb4.24.3&#8243; _module_preset=\u00bb_initial\u00bb text_font_size=\u00bb15px\u00bb header_font=\u00bbQuicksand|700|||||||\u00bb header_text_align=\u00bbleft\u00bb header_text_color=\u00bb#ffffff\u00bb header_font_size=\u00bb40px\u00bb header_line_height=\u00bb1.3em\u00bb header_2_font=\u00bbQuicksand|600|||||||\u00bb header_2_font_size=\u00bb40px\u00bb text_orientation=\u00bbjustified\u00bb module_alignment=\u00bbcenter\u00bb custom_margin=\u00bb||||false|false\u00bb custom_padding=\u00bb0px||||false|false\u00bb header_font_size_tablet=\u00bb\u00bb header_font_size_phone=\u00bb25px\u00bb header_font_size_last_edited=\u00bbon|tablet\u00bb header_2_font_size_tablet=\u00bb40px\u00bb header_2_font_size_phone=\u00bb25px\u00bb header_2_font_size_last_edited=\u00bbon|phone\u00bb locked=\u00bboff\u00bb global_colors_info=\u00bb{}\u00bb]<\/p>\n<p>At Evomed VetCare, our mission is to offer quality, innovative, effective, affordable, and veterinary-specific solutions. We work tirelessly alongside industry professionals to realize our shared goals.<\/p>\n<p>[\/et_pb_text][\/et_pb_column][et_pb_column type=\u00bb1_2&#8243; _builder_version=\u00bb4.22.1&#8243; _module_preset=\u00bbdefault\u00bb global_colors_info=\u00bb{}\u00bb][et_pb_text _builder_version=\u00bb4.23.4&#8243; _module_preset=\u00bb_initial\u00bb header_font=\u00bbQuicksand|700|||||||\u00bb header_text_align=\u00bbleft\u00bb header_text_color=\u00bb#ffffff\u00bb header_font_size=\u00bb40px\u00bb header_line_height=\u00bb1.3em\u00bb header_2_font=\u00bbQuicksand|600|||||||\u00bb header_2_font_size=\u00bb30px\u00bb header_2_line_height=\u00bb1.3em\u00bb module_alignment=\u00bbcenter\u00bb custom_margin=\u00bb||-1px||false|false\u00bb custom_padding=\u00bb0px||||false|false\u00bb header_font_size_tablet=\u00bb\u00bb header_font_size_phone=\u00bb25px\u00bb header_font_size_last_edited=\u00bbon|tablet\u00bb header_2_font_size_tablet=\u00bb40px\u00bb header_2_font_size_phone=\u00bb25px\u00bb header_2_font_size_last_edited=\u00bbon|phone\u00bb locked=\u00bboff\u00bb global_colors_info=\u00bb{}\u00bb]<\/p>\n<h2>Global Commitment: Caring for Those Who Care<\/h2>\n<p>[\/et_pb_text][et_pb_text _builder_version=\u00bb4.24.3&#8243; _module_preset=\u00bb_initial\u00bb text_font_size=\u00bb15px\u00bb header_font=\u00bbQuicksand|700|||||||\u00bb header_text_align=\u00bbleft\u00bb header_text_color=\u00bb#ffffff\u00bb header_font_size=\u00bb40px\u00bb header_line_height=\u00bb1.3em\u00bb header_2_font=\u00bbQuicksand|600|||||||\u00bb header_2_font_size=\u00bb40px\u00bb text_orientation=\u00bbjustified\u00bb module_alignment=\u00bbcenter\u00bb custom_margin=\u00bb||||false|false\u00bb custom_padding=\u00bb0px||||false|false\u00bb header_font_size_tablet=\u00bb\u00bb header_font_size_phone=\u00bb25px\u00bb header_font_size_last_edited=\u00bbon|tablet\u00bb header_2_font_size_tablet=\u00bb40px\u00bb header_2_font_size_phone=\u00bb25px\u00bb header_2_font_size_last_edited=\u00bbon|phone\u00bb locked=\u00bboff\u00bb global_colors_info=\u00bb{}\u00bb]<\/p>\n<p>We are committed to global veterinary care, whether addressing your suggestions and needs or delivering our proposals and solutions to any corner of the world. In Evomed VetCare, we believe in caring for those who care, and we strive to be a reliable partner in the pursuit of excellence in veterinary care.<\/p>\n<p>[\/et_pb_text][\/et_pb_column][\/et_pb_row][\/et_pb_section][et_pb_section fb_built=\u00bb1&#8243; _builder_version=\u00bb4.18.0&#8243; _module_preset=\u00bbdefault\u00bb custom_padding=\u00bb2px||1px|||\u00bb locked=\u00bboff\u00bb global_colors_info=\u00bb{}\u00bb][et_pb_row _builder_version=\u00bb4.18.0&#8243; _module_preset=\u00bbdefault\u00bb locked=\u00bboff\u00bb global_colors_info=\u00bb{}\u00bb][et_pb_column type=\u00bb4_4&#8243; _builder_version=\u00bb4.18.0&#8243; _module_preset=\u00bbdefault\u00bb global_colors_info=\u00bb{}\u00bb][et_pb_text _builder_version=\u00bb4.23.4&#8243; _module_preset=\u00bb_initial\u00bb header_2_font=\u00bbQuicksand|500|||||||\u00bb header_2_font_size=\u00bb24px\u00bb header_2_line_height=\u00bb1.3em\u00bb text_orientation=\u00bbcenter\u00bb custom_margin=\u00bb||10px||false|false\u00bb header_2_font_size_tablet=\u00bb35px\u00bb header_2_font_size_phone=\u00bb26px\u00bb header_2_font_size_last_edited=\u00bbon|phone\u00bb locked=\u00bboff\u00bb global_colors_info=\u00bb{}\u00bb]<\/p>\n<h2>Join us in our mission to elevate the standard in animal health. At Evomed VetCare, we don't just supply products; we develop and build solutions that make a difference.<\/h2>\n<p>[\/et_pb_text][et_pb_button button_url=\u00bbhttps:\/\/www.evomedvc.com\/contacto\/\u00bb button_text=\u00bbContacta con nosotros\u00bb button_alignment=\u00bbcenter\u00bb _builder_version=\u00bb4.24.3&#8243; _module_preset=\u00bb_initial\u00bb custom_button=\u00bbon\u00bb button_text_color=\u00bb#FFFFFF\u00bb button_bg_color=\u00bb#5062dc\u00bb custom_margin=\u00bb14px||30px||false|false\u00bb custom_padding=\u00bb10px|28px|10px|28px|true|true\u00bb locked=\u00bboff\u00bb global_colors_info=\u00bb{}\u00bb][\/et_pb_button][\/et_pb_column][\/et_pb_row][\/et_pb_section]<\/p>","protected":false},"excerpt":{"rendered":"<p>Qui\u00e9nes somosInnovaci\u00f3n y Compromiso en la Salud AnimalEn el coraz\u00f3n de la atenci\u00f3n veterinaria, Evomed VetCare surge como respuesta a una imperante necesidad en el campo de la medicina veterinaria, donde la demanda de soluciones especializadas supera la oferta disponible. Formando parte integral del Grupo Evomed, con m\u00e1s de dos d\u00e9cadas de experiencia como distribuidor [&hellip;]<\/p>","protected":false},"author":1,"featured_media":0,"parent":0,"menu_order":0,"comment_status":"closed","ping_status":"closed","template":"","meta":{"_acf_changed":false,"_et_pb_use_builder":"on","_et_pb_old_content":"","_et_gb_content_width":"","footnotes":""},"class_list":["post-12","page","type-page","status-publish","hentry"],"acf":[],"yoast_head":"<!-- This site is optimized with the Yoast SEO plugin v25.5 - https:\/\/yoast.com\/wordpress\/plugins\/seo\/ -->\n<title>\u00bfQui\u00e9nes somos? - Evomed VetCare<\/title>\n<meta name=\"description\" content=\"En el coraz\u00f3n de la atenci\u00f3n veterinaria, Evomed VetCare surge como respuesta a una imperante necesidad en la medicina veterinaria.\" \/>\n<meta name=\"robots\" content=\"index, follow, max-snippet:-1, max-image-preview:large, max-video-preview:-1\" \/>\n<link rel=\"canonical\" href=\"https:\/\/www.evomedvc.com\/en\/quienes-somos\/\" \/>\n<meta property=\"og:locale\" content=\"en_GB\" \/>\n<meta property=\"og:type\" content=\"article\" \/>\n<meta property=\"og:title\" content=\"\u00bfQui\u00e9nes somos? - Evomed VetCare\" \/>\n<meta property=\"og:description\" content=\"En el coraz\u00f3n de la atenci\u00f3n veterinaria, Evomed VetCare surge como respuesta a una imperante necesidad en la medicina veterinaria.\" \/>\n<meta property=\"og:url\" content=\"https:\/\/www.evomedvc.com\/en\/quienes-somos\/\" \/>\n<meta property=\"og:site_name\" content=\"Evomed VetCare\" \/>\n<meta property=\"article:modified_time\" content=\"2024-05-26T16:36:58+00:00\" \/>\n<meta property=\"og:image\" content=\"https:\/\/www.evomedvc.com\/wp-content\/uploads\/2024\/05\/Logo-Evomed-vetcare-1.webp\" \/>\n\t<meta property=\"og:image:width\" content=\"1280\" \/>\n\t<meta property=\"og:image:height\" content=\"720\" \/>\n\t<meta property=\"og:image:type\" content=\"image\/webp\" \/>\n<meta name=\"twitter:card\" content=\"summary_large_image\" \/>\n<meta name=\"twitter:label1\" content=\"Estimated reading time\" \/>\n\t<meta name=\"twitter:data1\" content=\"2 minutes\" \/>\n<script type=\"application\/ld+json\" class=\"yoast-schema-graph\">{\"@context\":\"https:\/\/schema.org\",\"@graph\":[{\"@type\":\"WebPage\",\"@id\":\"https:\/\/www.evomedvc.com\/quienes-somos\/\",\"url\":\"https:\/\/www.evomedvc.com\/quienes-somos\/\",\"name\":\"\u00bfQui\u00e9nes somos? - Evomed VetCare\",\"isPartOf\":{\"@id\":\"https:\/\/www.evomedvc.com\/#website\"},\"datePublished\":\"2024-01-23T14:57:50+00:00\",\"dateModified\":\"2024-05-26T16:36:58+00:00\",\"description\":\"En el coraz\u00f3n de la atenci\u00f3n veterinaria, Evomed VetCare surge como respuesta a una imperante necesidad en la medicina veterinaria.\",\"breadcrumb\":{\"@id\":\"https:\/\/www.evomedvc.com\/quienes-somos\/#breadcrumb\"},\"inLanguage\":\"en-GB\",\"potentialAction\":[{\"@type\":\"ReadAction\",\"target\":[\"https:\/\/www.evomedvc.com\/quienes-somos\/\"]}]},{\"@type\":\"BreadcrumbList\",\"@id\":\"https:\/\/www.evomedvc.com\/quienes-somos\/#breadcrumb\",\"itemListElement\":[{\"@type\":\"ListItem\",\"position\":1,\"name\":\"Portada\",\"item\":\"https:\/\/www.evomedvc.com\/\"},{\"@type\":\"ListItem\",\"position\":2,\"name\":\"\u00bfQui\u00e9nes somos?\"}]},{\"@type\":\"WebSite\",\"@id\":\"https:\/\/www.evomedvc.com\/#website\",\"url\":\"https:\/\/www.evomedvc.com\/\",\"name\":\"Evomed VetCare\",\"description\":\"abricaci\u00f3n y distribuci\u00f3n de dispositivos m\u00e9dicos dise\u00f1ados espec\u00edficamente para animales de compa\u00f1\u00eda\",\"publisher\":{\"@id\":\"https:\/\/www.evomedvc.com\/#organization\"},\"potentialAction\":[{\"@type\":\"SearchAction\",\"target\":{\"@type\":\"EntryPoint\",\"urlTemplate\":\"https:\/\/www.evomedvc.com\/?s={search_term_string}\"},\"query-input\":{\"@type\":\"PropertyValueSpecification\",\"valueRequired\":true,\"valueName\":\"search_term_string\"}}],\"inLanguage\":\"en-GB\"},{\"@type\":\"Organization\",\"@id\":\"https:\/\/www.evomedvc.com\/#organization\",\"name\":\"Evomed VetCare\",\"url\":\"https:\/\/www.evomedvc.com\/\",\"logo\":{\"@type\":\"ImageObject\",\"inLanguage\":\"en-GB\",\"@id\":\"https:\/\/www.evomedvc.com\/#\/schema\/logo\/image\/\",\"url\":\"https:\/\/www.evomedvc.com\/wp-content\/uploads\/2024\/05\/Logo-Evomed-vetcare-1.webp\",\"contentUrl\":\"https:\/\/www.evomedvc.com\/wp-content\/uploads\/2024\/05\/Logo-Evomed-vetcare-1.webp\",\"width\":1280,\"height\":720,\"caption\":\"Evomed VetCare\"},\"image\":{\"@id\":\"https:\/\/www.evomedvc.com\/#\/schema\/logo\/image\/\"}}]}<\/script>\n<!-- \/ Yoast SEO plugin. -->","yoast_head_json":{"title":"\u00bfQui\u00e9nes somos? - Evomed VetCare","description":"En el coraz\u00f3n de la atenci\u00f3n veterinaria, Evomed VetCare surge como respuesta a una imperante necesidad en la medicina veterinaria.","robots":{"index":"index","follow":"follow","max-snippet":"max-snippet:-1","max-image-preview":"max-image-preview:large","max-video-preview":"max-video-preview:-1"},"canonical":"https:\/\/www.evomedvc.com\/en\/quienes-somos\/","og_locale":"en_GB","og_type":"article","og_title":"\u00bfQui\u00e9nes somos? - Evomed VetCare","og_description":"En el coraz\u00f3n de la atenci\u00f3n veterinaria, Evomed VetCare surge como respuesta a una imperante necesidad en la medicina veterinaria.","og_url":"https:\/\/www.evomedvc.com\/en\/quienes-somos\/","og_site_name":"Evomed VetCare","article_modified_time":"2024-05-26T16:36:58+00:00","og_image":[{"width":1280,"height":720,"url":"https:\/\/www.evomedvc.com\/wp-content\/uploads\/2024\/05\/Logo-Evomed-vetcare-1.webp","type":"image\/webp"}],"twitter_card":"summary_large_image","twitter_misc":{"Estimated reading time":"2 minutes"},"schema":{"@context":"https:\/\/schema.org","@graph":[{"@type":"WebPage","@id":"https:\/\/www.evomedvc.com\/quienes-somos\/","url":"https:\/\/www.evomedvc.com\/quienes-somos\/","name":"\u00bfQui\u00e9nes somos? - Evomed VetCare","isPartOf":{"@id":"https:\/\/www.evomedvc.com\/#website"},"datePublished":"2024-01-23T14:57:50+00:00","dateModified":"2024-05-26T16:36:58+00:00","description":"En el coraz\u00f3n de la atenci\u00f3n veterinaria, Evomed VetCare surge como respuesta a una imperante necesidad en la medicina veterinaria.","breadcrumb":{"@id":"https:\/\/www.evomedvc.com\/quienes-somos\/#breadcrumb"},"inLanguage":"en-GB","potentialAction":[{"@type":"ReadAction","target":["https:\/\/www.evomedvc.com\/quienes-somos\/"]}]},{"@type":"BreadcrumbList","@id":"https:\/\/www.evomedvc.com\/quienes-somos\/#breadcrumb","itemListElement":[{"@type":"ListItem","position":1,"name":"Portada","item":"https:\/\/www.evomedvc.com\/"},{"@type":"ListItem","position":2,"name":"\u00bfQui\u00e9nes somos?"}]},{"@type":"WebSite","@id":"https:\/\/www.evomedvc.com\/#website","url":"https:\/\/www.evomedvc.com\/","name":"Evomed VetCare","description":"abricaci\u00f3n y distribuci\u00f3n de dispositivos m\u00e9dicos dise\u00f1ados espec\u00edficamente para animales de compa\u00f1\u00eda","publisher":{"@id":"https:\/\/www.evomedvc.com\/#organization"},"potentialAction":[{"@type":"SearchAction","target":{"@type":"EntryPoint","urlTemplate":"https:\/\/www.evomedvc.com\/?s={search_term_string}"},"query-input":{"@type":"PropertyValueSpecification","valueRequired":true,"valueName":"search_term_string"}}],"inLanguage":"en-GB"},{"@type":"Organization","@id":"https:\/\/www.evomedvc.com\/#organization","name":"Evomed VetCare","url":"https:\/\/www.evomedvc.com\/","logo":{"@type":"ImageObject","inLanguage":"en-GB","@id":"https:\/\/www.evomedvc.com\/#\/schema\/logo\/image\/","url":"https:\/\/www.evomedvc.com\/wp-content\/uploads\/2024\/05\/Logo-Evomed-vetcare-1.webp","contentUrl":"https:\/\/www.evomedvc.com\/wp-content\/uploads\/2024\/05\/Logo-Evomed-vetcare-1.webp","width":1280,"height":720,"caption":"Evomed VetCare"},"image":{"@id":"https:\/\/www.evomedvc.com\/#\/schema\/logo\/image\/"}}]}},"_links":{"self":[{"href":"https:\/\/www.evomedvc.com\/en\/wp-json\/wp\/v2\/pages\/12","targetHints":{"allow":["GET"]}}],"collection":[{"href":"https:\/\/www.evomedvc.com\/en\/wp-json\/wp\/v2\/pages"}],"about":[{"href":"https:\/\/www.evomedvc.com\/en\/wp-json\/wp\/v2\/types\/page"}],"author":[{"embeddable":true,"href":"https:\/\/www.evomedvc.com\/en\/wp-json\/wp\/v2\/users\/1"}],"replies":[{"embeddable":true,"href":"https:\/\/www.evomedvc.com\/en\/wp-json\/wp\/v2\/comments?post=12"}],"version-history":[{"count":0,"href":"https:\/\/www.evomedvc.com\/en\/wp-json\/wp\/v2\/pages\/12\/revisions"}],"wp:attachment":[{"href":"https:\/\/www.evomedvc.com\/en\/wp-json\/wp\/v2\/media?parent=12"}],"curies":[{"name":"wp","href":"https:\/\/api.w.org\/{rel}","templated":true}]}}