
{"id":20,"date":"2024-01-23T14:58:57","date_gmt":"2024-01-23T14:58:57","guid":{"rendered":"https:\/\/www.evomedvc.com\/?page_id=20"},"modified":"2025-07-22T12:47:33","modified_gmt":"2025-07-22T12:47:33","slug":"contacto","status":"publish","type":"page","link":"https:\/\/www.evomedvc.com\/en\/contacto\/","title":{"rendered":"Contact"},"content":{"rendered":"<p>[et_pb_section fb_built=\u00bb1&#8243; admin_label=\u00bbContact Form\u00bb _builder_version=\u00bb4.18.0&#8243; _module_preset=\u00bbdefault\u00bb custom_padding=\u00bb25px||||false|false\u00bb locked=\u00bboff\u00bb collapsed=\u00bbon\u00bb global_colors_info=\u00bb{}\u00bb][et_pb_row _builder_version=\u00bb4.18.0&#8243; _module_preset=\u00bbdefault\u00bb custom_padding=\u00bb||0px|||\u00bb global_colors_info=\u00bb{}\u00bb][et_pb_column type=\u00bb4_4&#8243; _builder_version=\u00bb4.18.0&#8243; _module_preset=\u00bbdefault\u00bb global_colors_info=\u00bb{}\u00bb][et_pb_text module_id=\u00bb4&#8243; _builder_version=\u00bb4.24.0&#8243; _module_preset=\u00bb_initial\u00bb header_2_font=\u00bbQuicksand|600|||||||\u00bb header_2_text_align=\u00bbcenter\u00bb header_2_font_size=\u00bb45px\u00bb header_4_font=\u00bbQuicksand||||||||\u00bb text_orientation=\u00bbcenter\u00bb custom_margin=\u00bb||10px||false|false\u00bb custom_padding=\u00bb||0px|||\u00bb header_2_font_size_tablet=\u00bb35px\u00bb header_2_font_size_phone=\u00bb26px\u00bb header_2_font_size_last_edited=\u00bbon|phone\u00bb locked=\u00bboff\u00bb global_colors_info=\u00bb{}\u00bb]<\/p>\n<h2>Contact<\/h2>\n<p>[\/et_pb_text][\/et_pb_column][\/et_pb_row][et_pb_row column_structure=\u00bb1_3,1_3,1_3&#8243; make_equal=\u00bbon\u00bb _builder_version=\u00bb4.23.4&#8243; _module_preset=\u00bbdefault\u00bb locked=\u00bboff\u00bb global_colors_info=\u00bb{}\u00bb][et_pb_column type=\u00bb1_3&#8243; _builder_version=\u00bb4.23.4&#8243; _module_preset=\u00bbdefault\u00bb background_color=\u00bb#f6f6f6&#8243; custom_padding=\u00bb40px|40px|40px|40px|true|true\u00bb custom_padding_tablet=\u00bb30px|30px|30px|30px|true|true\u00bb custom_padding_phone=\u00bb20px|20px|20px|20px|true|true\u00bb custom_padding_last_edited=\u00bbon|desktop\u00bb border_radii=\u00bbon|10px|10px|10px|10px\u00bb global_colors_info=\u00bb{}\u00bb][et_pb_icon font_icon=\u00bb&#xf095;||fa||900&#8243; icon_color=\u00bb#5062DC\u00bb icon_width=\u00bb64px\u00bb _builder_version=\u00bb4.24.0&#8243; _module_preset=\u00bbdefault\u00bb global_colors_info=\u00bb{}\u00bb][\/et_pb_icon][et_pb_text _builder_version=\u00bb4.24.0&#8243; _module_preset=\u00bb_initial\u00bb header_4_font=\u00bbQuicksand|500|||||||\u00bb text_orientation=\u00bbcenter\u00bb custom_margin=\u00bb||0px||false|false\u00bb hover_enabled=\u00bb0&#8243; global_colors_info=\u00bb{}\u00bb sticky_enabled=\u00bb0&#8243;]<\/p>\n<h4>Customer Support<\/h4>\n<p>[\/et_pb_text][et_pb_text _builder_version=\u00bb4.27.0&#8243; _module_preset=\u00bb_initial\u00bb text_font=\u00bbOpen Sans||||||||\u00bb link_text_color=\u00bbgcid-840cd285-ee6f-49c1-abc9-5e893f3235b8&#8243; header_4_font=\u00bbQuicksand||||||||\u00bb text_orientation=\u00bbcenter\u00bb hover_enabled=\u00bb0&#8243; global_colors_info=\u00bb{%22gcid-840cd285-ee6f-49c1-abc9-5e893f3235b8%22:%91%22link_text_color%22%93}\u00bb sticky_enabled=\u00bb0&#8243;]<\/p>\n<p>Tel: +34 91 887 42 20<\/p>\n<p>&nbsp;<\/p>\n<p>[\/et_pb_text][\/et_pb_column][et_pb_column type=\u00bb1_3&#8243; _builder_version=\u00bb4.23.4&#8243; _module_preset=\u00bbdefault\u00bb background_color=\u00bb#f6f6f6&#8243; custom_padding=\u00bb40px|40px|40px|40px|true|true\u00bb custom_padding_tablet=\u00bb30px|30px|30px|30px|true|true\u00bb custom_padding_phone=\u00bb20px|20px|20px|20px|true|true\u00bb custom_padding_last_edited=\u00bbon|desktop\u00bb border_radii=\u00bbon|10px|10px|10px|10px\u00bb global_colors_info=\u00bb{}\u00bb][et_pb_icon font_icon=\u00bb&#xf276;||fa||900&#8243; icon_color=\u00bb#5062DC\u00bb icon_width=\u00bb64px\u00bb _builder_version=\u00bb4.24.0&#8243; _module_preset=\u00bbdefault\u00bb global_colors_info=\u00bb{}\u00bb][\/et_pb_icon][et_pb_text _builder_version=\u00bb4.24.0&#8243; _module_preset=\u00bb_initial\u00bb header_4_font=\u00bbQuicksand|500|||||||\u00bb text_orientation=\u00bbcenter\u00bb custom_margin=\u00bb||0px||false|false\u00bb global_colors_info=\u00bb{}\u00bb]<\/p>\n<h4>Offices<\/h4>\n<p>[\/et_pb_text][et_pb_text _builder_version=\u00bb4.23.4&#8243; _module_preset=\u00bb_initial\u00bb text_font=\u00bbOpen Sans||||||||\u00bb link_text_color=\u00bbgcid-840cd285-ee6f-49c1-abc9-5e893f3235b8&#8243; header_4_font=\u00bbQuicksand||||||||\u00bb text_orientation=\u00bbcenter\u00bb global_colors_info=\u00bb{%22gcid-840cd285-ee6f-49c1-abc9-5e893f3235b8%22:%91%22link_text_color%22,%22link_text_color%22,%22link_text_color%22%93}\u00bb]<\/p>\n<p class=\"v1MsoNormal\"><span>Ctra. Torrej\u00f3n-Ajalvir Km. 5,200<\/span><\/p>\n<p class=\"v1MsoNormal\"><span>28864 \u2013 Ajalvir (Madrid) Espa\u00f1a<\/span><\/p>\n<p>[\/et_pb_text][\/et_pb_column][et_pb_column type=\u00bb1_3&#8243; _builder_version=\u00bb4.23.4&#8243; _module_preset=\u00bbdefault\u00bb background_color=\u00bb#f6f6f6&#8243; custom_padding=\u00bb40px|40px|40px|40px|true|true\u00bb custom_padding_tablet=\u00bb30px|30px|30px|30px|true|true\u00bb custom_padding_phone=\u00bb20px|20px|20px|20px|true|true\u00bb custom_padding_last_edited=\u00bbon|desktop\u00bb border_radii=\u00bbon|10px|10px|10px|10px\u00bb global_colors_info=\u00bb{}\u00bb][et_pb_icon font_icon=\u00bb&#xf2b6;||fa||900&#8243; icon_color=\u00bb#5062DC\u00bb icon_width=\u00bb64px\u00bb _builder_version=\u00bb4.24.0&#8243; _module_preset=\u00bbdefault\u00bb global_colors_info=\u00bb{}\u00bb][\/et_pb_icon][et_pb_text _builder_version=\u00bb4.24.0&#8243; _module_preset=\u00bb_initial\u00bb text_font=\u00bbOpen Sans||||||||\u00bb link_text_color=\u00bbgcid-840cd285-ee6f-49c1-abc9-5e893f3235b8&#8243; header_4_font=\u00bbQuicksand||||||||\u00bb text_orientation=\u00bbcenter\u00bb global_colors_info=\u00bb{%22gcid-840cd285-ee6f-49c1-abc9-5e893f3235b8%22:%91%22link_text_color%22%93}\u00bb]<\/p>\n<h4>Email<\/h4>\n<p>[\/et_pb_text][et_pb_text _builder_version=\u00bb4.24.3&#8243; _module_preset=\u00bb_initial\u00bb text_font=\u00bbVerdana||||||||\u00bb link_text_color=\u00bbgcid-840cd285-ee6f-49c1-abc9-5e893f3235b8&#8243; header_4_font=\u00bbQuicksand||||||||\u00bb text_orientation=\u00bbcenter\u00bb global_colors_info=\u00bb{%22gcid-840cd285-ee6f-49c1-abc9-5e893f3235b8%22:%91%22link_text_color%22,%22link_text_color%22%93}\u00bb]<\/p>\n<p>info@evomedvc.com<\/p>\n<p>[\/et_pb_text][\/et_pb_column][\/et_pb_row][et_pb_row column_structure=\u00bb1_2,1_2&#8243; _builder_version=\u00bb4.22.1&#8243; _module_preset=\u00bbdefault\u00bb global_colors_info=\u00bb{}\u00bb][et_pb_column type=\u00bb1_2&#8243; _builder_version=\u00bb4.22.1&#8243; _module_preset=\u00bbdefault\u00bb global_colors_info=\u00bb{}\u00bb][et_pb_contact_form captcha=\u00bboff\u00bb email=\u00bbinfo@evomedvc.com\u00bb custom_message=\u00bbNombre: %%Nombre%%||et_pb_line_break_holder||Correo: %%Email%%||et_pb_line_break_holder||Mensaje: %%Mensaje%%||et_pb_line_break_holder||Legal:||et_pb_line_break_holder||%%legal%%\u00bb success_message=\u00bbGracias, nos pondremos en contacto con usted lo antes posible\u00bb _builder_version=\u00bb4.27.0&#8243; _module_preset=\u00bb_initial\u00bb form_field_font=\u00bbOpen Sans||||||||\u00bb custom_button=\u00bbon\u00bb button_text_color=\u00bb#FFFFFF\u00bb button_bg_color=\u00bb#5062dc\u00bb button_font=\u00bbOpen Sans||||||||\u00bb locked=\u00bboff\u00bb global_colors_info=\u00bb{}\u00bb][et_pb_contact_field field_id=\u00bbNombre\u00bb field_title=\u00bbNombre\u00bb fullwidth_field=\u00bbon\u00bb _builder_version=\u00bb4.23.4&#8243; _module_preset=\u00bbdefault\u00bb form_field_font=\u00bbArial|300||on|||||\u00bb global_colors_info=\u00bb{}\u00bb button_text_size__hover_enabled=\u00bboff\u00bb button_one_text_size__hover_enabled=\u00bboff\u00bb button_two_text_size__hover_enabled=\u00bboff\u00bb button_text_color__hover_enabled=\u00bboff\u00bb button_one_text_color__hover_enabled=\u00bboff\u00bb button_two_text_color__hover_enabled=\u00bboff\u00bb button_border_width__hover_enabled=\u00bboff\u00bb button_one_border_width__hover_enabled=\u00bboff\u00bb button_two_border_width__hover_enabled=\u00bboff\u00bb button_border_color__hover_enabled=\u00bboff\u00bb button_one_border_color__hover_enabled=\u00bboff\u00bb button_two_border_color__hover_enabled=\u00bboff\u00bb button_border_radius__hover_enabled=\u00bboff\u00bb button_one_border_radius__hover_enabled=\u00bboff\u00bb button_two_border_radius__hover_enabled=\u00bboff\u00bb button_letter_spacing__hover_enabled=\u00bboff\u00bb button_one_letter_spacing__hover_enabled=\u00bboff\u00bb button_two_letter_spacing__hover_enabled=\u00bboff\u00bb button_bg_color__hover_enabled=\u00bboff\u00bb button_one_bg_color__hover_enabled=\u00bboff\u00bb button_two_bg_color__hover_enabled=\u00bboff\u00bb][\/et_pb_contact_field][et_pb_contact_field field_id=\u00bbEmail\u00bb field_title=\u00bbEmail \u00bb field_type=\u00bbemail\u00bb fullwidth_field=\u00bbon\u00bb _builder_version=\u00bb4.18.0&#8243; _module_preset=\u00bbdefault\u00bb form_field_font=\u00bbArial|300||on|||||\u00bb global_colors_info=\u00bb{}\u00bb button_text_size__hover_enabled=\u00bboff\u00bb button_one_text_size__hover_enabled=\u00bboff\u00bb button_two_text_size__hover_enabled=\u00bboff\u00bb button_text_color__hover_enabled=\u00bboff\u00bb button_one_text_color__hover_enabled=\u00bboff\u00bb button_two_text_color__hover_enabled=\u00bboff\u00bb button_border_width__hover_enabled=\u00bboff\u00bb button_one_border_width__hover_enabled=\u00bboff\u00bb button_two_border_width__hover_enabled=\u00bboff\u00bb button_border_color__hover_enabled=\u00bboff\u00bb button_one_border_color__hover_enabled=\u00bboff\u00bb button_two_border_color__hover_enabled=\u00bboff\u00bb button_border_radius__hover_enabled=\u00bboff\u00bb button_one_border_radius__hover_enabled=\u00bboff\u00bb button_two_border_radius__hover_enabled=\u00bboff\u00bb button_letter_spacing__hover_enabled=\u00bboff\u00bb button_one_letter_spacing__hover_enabled=\u00bboff\u00bb button_two_letter_spacing__hover_enabled=\u00bboff\u00bb button_bg_color__hover_enabled=\u00bboff\u00bb button_one_bg_color__hover_enabled=\u00bboff\u00bb button_two_bg_color__hover_enabled=\u00bboff\u00bb][\/et_pb_contact_field][et_pb_contact_field field_id=\u00bbMensaje\u00bb field_title=\u00bbMensaje\u00bb field_type=\u00bbtext\u00bb fullwidth_field=\u00bbon\u00bb _builder_version=\u00bb4.18.0&#8243; _module_preset=\u00bbdefault\u00bb form_field_font=\u00bbArial|300||on|||||\u00bb global_colors_info=\u00bb{}\u00bb button_text_size__hover_enabled=\u00bboff\u00bb button_one_text_size__hover_enabled=\u00bboff\u00bb button_two_text_size__hover_enabled=\u00bboff\u00bb button_text_color__hover_enabled=\u00bboff\u00bb button_one_text_color__hover_enabled=\u00bboff\u00bb button_two_text_color__hover_enabled=\u00bboff\u00bb button_border_width__hover_enabled=\u00bboff\u00bb button_one_border_width__hover_enabled=\u00bboff\u00bb button_two_border_width__hover_enabled=\u00bboff\u00bb button_border_color__hover_enabled=\u00bboff\u00bb button_one_border_color__hover_enabled=\u00bboff\u00bb button_two_border_color__hover_enabled=\u00bboff\u00bb button_border_radius__hover_enabled=\u00bboff\u00bb button_one_border_radius__hover_enabled=\u00bboff\u00bb button_two_border_radius__hover_enabled=\u00bboff\u00bb button_letter_spacing__hover_enabled=\u00bboff\u00bb button_one_letter_spacing__hover_enabled=\u00bboff\u00bb button_two_letter_spacing__hover_enabled=\u00bboff\u00bb button_bg_color__hover_enabled=\u00bboff\u00bb button_one_bg_color__hover_enabled=\u00bboff\u00bb button_two_bg_color__hover_enabled=\u00bboff\u00bb][\/et_pb_contact_field][et_pb_contact_field field_id=\u00bblegal\u00bb field_title=\u00bb \u00bb field_type=\u00bbcheckbox\u00bb checkbox_options=\u00bb%91{%22value%22:%22S\u00ed, acepto que los datos facilitados sean tratados por Evomed con el \u00fanico objetivo de atender mi solicitud en conformidad con la politica de privacidad del sitio web.%22,%22checked%22:0,%22dragID%22:-1}%93&#8243; fullwidth_field=\u00bbon\u00bb field_title_last_edited=\u00bboff|desktop\u00bb _builder_version=\u00bb4.27.0&#8243; _module_preset=\u00bbdefault\u00bb custom_margin=\u00bb20px||5px||false|false\u00bb global_colors_info=\u00bb{}\u00bb][\/et_pb_contact_field][\/et_pb_contact_form][\/et_pb_column][et_pb_column type=\u00bb1_2&#8243; _builder_version=\u00bb4.22.1&#8243; _module_preset=\u00bbdefault\u00bb global_colors_info=\u00bb{}\u00bb][et_pb_code _builder_version=\u00bb4.23.4&#8243; _module_preset=\u00bbdefault\u00bb global_colors_info=\u00bb{}\u00bb]<iframe src=\"https:\/\/www.google.com\/maps\/embed?pb=!1m13!1m8!1m3!1d3033.6558796429836!2d-3.479482!3d40.504992!3m2!1i1024!2i768!4f13.1!3m2!1m1!2zNDDCsDMwJzE3LjUiTiAzwrAyOCc0Ni4zIlc!5e0!3m2!1ses!2sus!4v1705430458747!5m2!1ses!2sus\" width=\"600\" height=\"372\" style=\"border:0;\" allowfullscreen=\"\" loading=\"lazy\" referrerpolicy=\"no-referrer-when-downgrade\"><\/iframe>[\/et_pb_code][\/et_pb_column][\/et_pb_row][\/et_pb_section]<\/p>","protected":false},"excerpt":{"rendered":"<p>ContactoAtenci\u00f3n al clienteTel: +34 91 887 42 20 &nbsp;OficinasCtra. Torrej\u00f3n-Ajalvir Km. 5,200 28864 \u2013 Ajalvir (Madrid) Espa\u00f1aEmailinfo@evomedvc.com<\/p>","protected":false},"author":1,"featured_media":0,"parent":0,"menu_order":0,"comment_status":"closed","ping_status":"closed","template":"","meta":{"_acf_changed":false,"_et_pb_use_builder":"on","_et_pb_old_content":"<!-- wp:divi\/placeholder \/-->","_et_gb_content_width":"","footnotes":""},"class_list":["post-20","page","type-page","status-publish","hentry"],"acf":[],"yoast_head":"<!-- This site is optimized with the Yoast SEO plugin v25.5 - https:\/\/yoast.com\/wordpress\/plugins\/seo\/ -->\n<title>Contacto - Evomed VetCare<\/title>\n<meta name=\"description\" content=\"Evomed VetCare, estamos en Ctra. Torrej\u00f3n-Ajalvir Km. 5,20028864 \u2013 Ajalvir (Madrid) Espa\u00f1a, tel\u00e9fono +34 91 887 42 20\" \/>\n<meta name=\"robots\" content=\"index, follow, max-snippet:-1, max-image-preview:large, max-video-preview:-1\" \/>\n<link rel=\"canonical\" href=\"https:\/\/www.evomedvc.com\/en\/contacto\/\" \/>\n<meta property=\"og:locale\" content=\"en_GB\" \/>\n<meta property=\"og:type\" content=\"article\" \/>\n<meta property=\"og:title\" content=\"Contacto - Evomed VetCare\" \/>\n<meta property=\"og:description\" content=\"Evomed VetCare, estamos en Ctra. Torrej\u00f3n-Ajalvir Km. 5,20028864 \u2013 Ajalvir (Madrid) Espa\u00f1a, tel\u00e9fono +34 91 887 42 20\" \/>\n<meta property=\"og:url\" content=\"https:\/\/www.evomedvc.com\/en\/contacto\/\" \/>\n<meta property=\"og:site_name\" content=\"Evomed VetCare\" \/>\n<meta property=\"article:modified_time\" content=\"2025-07-22T12:47:33+00:00\" \/>\n<meta property=\"og:image\" content=\"https:\/\/www.evomedvc.com\/wp-content\/uploads\/2024\/05\/Logo-Evomed-vetcare-1.webp\" \/>\n\t<meta property=\"og:image:width\" content=\"1280\" \/>\n\t<meta property=\"og:image:height\" content=\"720\" \/>\n\t<meta property=\"og:image:type\" content=\"image\/webp\" \/>\n<meta name=\"twitter:card\" content=\"summary_large_image\" \/>\n<meta name=\"twitter:label1\" content=\"Estimated reading time\" \/>\n\t<meta name=\"twitter:data1\" content=\"1 minute\" \/>\n<script type=\"application\/ld+json\" class=\"yoast-schema-graph\">{\"@context\":\"https:\/\/schema.org\",\"@graph\":[{\"@type\":\"WebPage\",\"@id\":\"https:\/\/www.evomedvc.com\/contacto\/\",\"url\":\"https:\/\/www.evomedvc.com\/contacto\/\",\"name\":\"Contacto - Evomed VetCare\",\"isPartOf\":{\"@id\":\"https:\/\/www.evomedvc.com\/#website\"},\"datePublished\":\"2024-01-23T14:58:57+00:00\",\"dateModified\":\"2025-07-22T12:47:33+00:00\",\"description\":\"Evomed VetCare, estamos en Ctra. Torrej\u00f3n-Ajalvir Km. 5,20028864 \u2013 Ajalvir (Madrid) Espa\u00f1a, tel\u00e9fono +34 91 887 42 20\",\"breadcrumb\":{\"@id\":\"https:\/\/www.evomedvc.com\/contacto\/#breadcrumb\"},\"inLanguage\":\"en-GB\",\"potentialAction\":[{\"@type\":\"ReadAction\",\"target\":[\"https:\/\/www.evomedvc.com\/contacto\/\"]}]},{\"@type\":\"BreadcrumbList\",\"@id\":\"https:\/\/www.evomedvc.com\/contacto\/#breadcrumb\",\"itemListElement\":[{\"@type\":\"ListItem\",\"position\":1,\"name\":\"Portada\",\"item\":\"https:\/\/www.evomedvc.com\/\"},{\"@type\":\"ListItem\",\"position\":2,\"name\":\"Contacto\"}]},{\"@type\":\"WebSite\",\"@id\":\"https:\/\/www.evomedvc.com\/#website\",\"url\":\"https:\/\/www.evomedvc.com\/\",\"name\":\"Evomed VetCare\",\"description\":\"abricaci\u00f3n y distribuci\u00f3n de dispositivos m\u00e9dicos dise\u00f1ados espec\u00edficamente para animales de compa\u00f1\u00eda\",\"publisher\":{\"@id\":\"https:\/\/www.evomedvc.com\/#organization\"},\"potentialAction\":[{\"@type\":\"SearchAction\",\"target\":{\"@type\":\"EntryPoint\",\"urlTemplate\":\"https:\/\/www.evomedvc.com\/?s={search_term_string}\"},\"query-input\":{\"@type\":\"PropertyValueSpecification\",\"valueRequired\":true,\"valueName\":\"search_term_string\"}}],\"inLanguage\":\"en-GB\"},{\"@type\":\"Organization\",\"@id\":\"https:\/\/www.evomedvc.com\/#organization\",\"name\":\"Evomed VetCare\",\"url\":\"https:\/\/www.evomedvc.com\/\",\"logo\":{\"@type\":\"ImageObject\",\"inLanguage\":\"en-GB\",\"@id\":\"https:\/\/www.evomedvc.com\/#\/schema\/logo\/image\/\",\"url\":\"https:\/\/www.evomedvc.com\/wp-content\/uploads\/2024\/05\/Logo-Evomed-vetcare-1.webp\",\"contentUrl\":\"https:\/\/www.evomedvc.com\/wp-content\/uploads\/2024\/05\/Logo-Evomed-vetcare-1.webp\",\"width\":1280,\"height\":720,\"caption\":\"Evomed VetCare\"},\"image\":{\"@id\":\"https:\/\/www.evomedvc.com\/#\/schema\/logo\/image\/\"}}]}<\/script>\n<!-- \/ Yoast SEO plugin. -->","yoast_head_json":{"title":"Contacto - Evomed VetCare","description":"Evomed VetCare, estamos en Ctra. Torrej\u00f3n-Ajalvir Km. 5,20028864 \u2013 Ajalvir (Madrid) Espa\u00f1a, tel\u00e9fono +34 91 887 42 20","robots":{"index":"index","follow":"follow","max-snippet":"max-snippet:-1","max-image-preview":"max-image-preview:large","max-video-preview":"max-video-preview:-1"},"canonical":"https:\/\/www.evomedvc.com\/en\/contacto\/","og_locale":"en_GB","og_type":"article","og_title":"Contacto - Evomed VetCare","og_description":"Evomed VetCare, estamos en Ctra. Torrej\u00f3n-Ajalvir Km. 5,20028864 \u2013 Ajalvir (Madrid) Espa\u00f1a, tel\u00e9fono +34 91 887 42 20","og_url":"https:\/\/www.evomedvc.com\/en\/contacto\/","og_site_name":"Evomed VetCare","article_modified_time":"2025-07-22T12:47:33+00:00","og_image":[{"width":1280,"height":720,"url":"https:\/\/www.evomedvc.com\/wp-content\/uploads\/2024\/05\/Logo-Evomed-vetcare-1.webp","type":"image\/webp"}],"twitter_card":"summary_large_image","twitter_misc":{"Estimated reading time":"1 minute"},"schema":{"@context":"https:\/\/schema.org","@graph":[{"@type":"WebPage","@id":"https:\/\/www.evomedvc.com\/contacto\/","url":"https:\/\/www.evomedvc.com\/contacto\/","name":"Contacto - Evomed VetCare","isPartOf":{"@id":"https:\/\/www.evomedvc.com\/#website"},"datePublished":"2024-01-23T14:58:57+00:00","dateModified":"2025-07-22T12:47:33+00:00","description":"Evomed VetCare, estamos en Ctra. Torrej\u00f3n-Ajalvir Km. 5,20028864 \u2013 Ajalvir (Madrid) Espa\u00f1a, tel\u00e9fono +34 91 887 42 20","breadcrumb":{"@id":"https:\/\/www.evomedvc.com\/contacto\/#breadcrumb"},"inLanguage":"en-GB","potentialAction":[{"@type":"ReadAction","target":["https:\/\/www.evomedvc.com\/contacto\/"]}]},{"@type":"BreadcrumbList","@id":"https:\/\/www.evomedvc.com\/contacto\/#breadcrumb","itemListElement":[{"@type":"ListItem","position":1,"name":"Portada","item":"https:\/\/www.evomedvc.com\/"},{"@type":"ListItem","position":2,"name":"Contacto"}]},{"@type":"WebSite","@id":"https:\/\/www.evomedvc.com\/#website","url":"https:\/\/www.evomedvc.com\/","name":"Evomed VetCare","description":"abricaci\u00f3n y distribuci\u00f3n de dispositivos m\u00e9dicos dise\u00f1ados espec\u00edficamente para animales de compa\u00f1\u00eda","publisher":{"@id":"https:\/\/www.evomedvc.com\/#organization"},"potentialAction":[{"@type":"SearchAction","target":{"@type":"EntryPoint","urlTemplate":"https:\/\/www.evomedvc.com\/?s={search_term_string}"},"query-input":{"@type":"PropertyValueSpecification","valueRequired":true,"valueName":"search_term_string"}}],"inLanguage":"en-GB"},{"@type":"Organization","@id":"https:\/\/www.evomedvc.com\/#organization","name":"Evomed VetCare","url":"https:\/\/www.evomedvc.com\/","logo":{"@type":"ImageObject","inLanguage":"en-GB","@id":"https:\/\/www.evomedvc.com\/#\/schema\/logo\/image\/","url":"https:\/\/www.evomedvc.com\/wp-content\/uploads\/2024\/05\/Logo-Evomed-vetcare-1.webp","contentUrl":"https:\/\/www.evomedvc.com\/wp-content\/uploads\/2024\/05\/Logo-Evomed-vetcare-1.webp","width":1280,"height":720,"caption":"Evomed VetCare"},"image":{"@id":"https:\/\/www.evomedvc.com\/#\/schema\/logo\/image\/"}}]}},"_links":{"self":[{"href":"https:\/\/www.evomedvc.com\/en\/wp-json\/wp\/v2\/pages\/20","targetHints":{"allow":["GET"]}}],"collection":[{"href":"https:\/\/www.evomedvc.com\/en\/wp-json\/wp\/v2\/pages"}],"about":[{"href":"https:\/\/www.evomedvc.com\/en\/wp-json\/wp\/v2\/types\/page"}],"author":[{"embeddable":true,"href":"https:\/\/www.evomedvc.com\/en\/wp-json\/wp\/v2\/users\/1"}],"replies":[{"embeddable":true,"href":"https:\/\/www.evomedvc.com\/en\/wp-json\/wp\/v2\/comments?post=20"}],"version-history":[{"count":0,"href":"https:\/\/www.evomedvc.com\/en\/wp-json\/wp\/v2\/pages\/20\/revisions"}],"wp:attachment":[{"href":"https:\/\/www.evomedvc.com\/en\/wp-json\/wp\/v2\/media?parent=20"}],"curies":[{"name":"wp","href":"https:\/\/api.w.org\/{rel}","templated":true}]}}